{"id":1269,"date":"2023-06-13T10:11:14","date_gmt":"2023-06-13T07:11:14","guid":{"rendered":"https:\/\/grill.local\/?page_id=1269"},"modified":"2024-10-02T13:57:56","modified_gmt":"2024-10-02T10:57:56","slug":"talukompleks","status":"publish","type":"page","link":"https:\/\/bbqfarm.eu\/en\/talukompleks\/","title":{"rendered":"Talukompleks"},"content":{"rendered":"<div data-elementor-type=\"wp-page\" data-elementor-id=\"1269\" class=\"elementor elementor-1269\" data-elementor-post-type=\"page\">\n\t\t\t\t<div class=\"elementor-element elementor-element-02fad06 e-flex e-con-boxed e-con e-parent\" data-id=\"02fad06\" data-element_type=\"container\" data-e-type=\"container\" data-settings=\"{&quot;background_background&quot;:&quot;classic&quot;}\">\n\t\t\t\t\t<div class=\"e-con-inner\">\n\t\t\t\t<div class=\"elementor-element elementor-element-f61ff4c elementor-widget elementor-widget-heading\" data-id=\"f61ff4c\" data-element_type=\"widget\" data-e-type=\"widget\" data-widget_type=\"heading.default\">\n\t\t\t\t<div class=\"elementor-widget-container\">\n\t\t\t\t\t<h1 class=\"elementor-heading-title elementor-size-default\">Talukompleks<\/h1>\t\t\t\t<\/div>\n\t\t\t\t<\/div>\n\t\t\t\t\t<\/div>\n\t\t\t\t<\/div>\n\t\t<div class=\"elementor-element elementor-element-2445cee e-flex e-con-boxed e-con e-parent\" data-id=\"2445cee\" data-element_type=\"container\" data-e-type=\"container\">\n\t\t\t\t\t<div class=\"e-con-inner\">\n\t\t\t\t<div class=\"elementor-element elementor-element-c730872 elementor-widget elementor-widget-text-editor\" data-id=\"c730872\" data-element_type=\"widget\" data-e-type=\"widget\" data-widget_type=\"text-editor.default\">\n\t\t\t\t<div class=\"elementor-widget-container\">\n\t\t\t\t\t\t\t\t\t<p><strong>Terve Grillitalu Teie p\u00e4ralt!<\/strong><\/p><p>Grillitalu pakub Teile ainulaadset ja mahukat alajaotust. See suur talukompleks on varustatud vajalike hoonetega, mis tagavad, et iga Teie \u00fcritus, olgu see suvep\u00e4evade t\u00e4histamine v\u00f5i muu t\u00e4hts\u00fcndmus, kulgeks sujuvalt ja meeldej\u00e4\u00e4valt.<\/p><p>Olgu Teil plaanis suvep\u00e4evade t\u00e4histamine, s\u00fcnnip\u00e4eva pidamine, meeskonna\u00fcritus v\u00f5i m\u00f5ni muu t\u00e4hts\u00fcndmus &#8211; Grillitalu pakub k\u00f5ike, mida vajate, et korraldada meeldej\u00e4\u00e4v ja nauditav \u00fcritus.<\/p>\t\t\t\t\t\t\t\t<\/div>\n\t\t\t\t<\/div>\n\t\t\t\t<div class=\"elementor-element elementor-element-f3612b5 elementor-widget-divider--view-line elementor-widget elementor-widget-divider\" data-id=\"f3612b5\" data-element_type=\"widget\" data-e-type=\"widget\" data-widget_type=\"divider.default\">\n\t\t\t\t<div class=\"elementor-widget-container\">\n\t\t\t\t\t\t\t<div class=\"elementor-divider\">\n\t\t\t<span class=\"elementor-divider-separator\">\n\t\t\t\t\t\t<\/span>\n\t\t<\/div>\n\t\t\t\t\t\t<\/div>\n\t\t\t\t<\/div>\n\t\t\t\t<div class=\"elementor-element elementor-element-f1d8456 elementor-widget elementor-widget-text-editor\" data-id=\"f1d8456\" data-element_type=\"widget\" data-e-type=\"widget\" data-widget_type=\"text-editor.default\">\n\t\t\t\t<div class=\"elementor-widget-container\">\n\t\t\t\t\t\t\t\t\t<p><strong>Tegevuste planeerimine:<\/strong> Koos meie meeskonnaga saate v\u00e4lja m\u00f5elda \u00e4gedad tegevused ja l\u00f5bustused, mis sobivad Teie \u00fcrituse teemaga ja k\u00fclaliste huvidega. Pakume mitmesuguseid v\u00f5imalusi alates outdoor- ja meeskonnam\u00e4ngudest kuni l\u00f5\u00f5gastava ajaviiteni looduses.<\/p>\n<p><strong>Toiduvalmistamine:<\/strong> K\u00e4sitleme k\u00f5iki toiduvalmistamise aspekte, alates men\u00fc\u00fc koostamisest kuni toitude ettevalmistamise ja serveerimiseni. V\u00f5ime aidata planeerida ja organiseerida nii BBQ sessioone kui ka t\u00e4ielikke toidufestivale, et rahuldada k\u00f5iki k\u00fclaliste maitse-eelistusi.<\/p>\n<p><strong>Aktiivsed tegevused:<\/strong> Pakume mitmesuguseid aktiivseid tegevusi, mis sobivad erinevatele huvidele ja vanuser\u00fchmadele. Alates spordim\u00e4ngudest, seiklusm\u00e4ngudest kuni loodusretkedeni \u2013 meie 70 hektaril on ruumi k\u00f5ikidele soovidele.<\/p>\t\t\t\t\t\t\t\t<\/div>\n\t\t\t\t<\/div>\n\t\t\t\t<div class=\"elementor-element elementor-element-d3f0069 elementor-widget-divider--view-line elementor-widget elementor-widget-divider\" data-id=\"d3f0069\" data-element_type=\"widget\" data-e-type=\"widget\" data-widget_type=\"divider.default\">\n\t\t\t\t<div class=\"elementor-widget-container\">\n\t\t\t\t\t\t\t<div class=\"elementor-divider\">\n\t\t\t<span class=\"elementor-divider-separator\">\n\t\t\t\t\t\t<\/span>\n\t\t<\/div>\n\t\t\t\t\t\t<\/div>\n\t\t\t\t<\/div>\n\t\t\t\t<div class=\"elementor-element elementor-element-90d7523 elementor-widget elementor-widget-text-editor\" data-id=\"90d7523\" data-element_type=\"widget\" data-e-type=\"widget\" data-widget_type=\"text-editor.default\">\n\t\t\t\t<div class=\"elementor-widget-container\">\n\t\t\t\t\t\t\t\t\t<p>Grillitalu terviklik pakkumine tagab, et Teie \u00fcritus on h\u00e4sti organiseeritud ja sujuv.<\/p><p>Meie eesm\u00e4rk on luua keskkond, kus Teie ja Teie k\u00fclalised saavad nautida k\u00f5iki \u00fcrituse aspekte \u2013 alates toiduvalmistamisest kuni aktiivsete tegevusteni ja l\u00f5\u00f5gastumiseni. Oleme valmis koostama personaalset lahendust vastavalt Teie vajadustele ja ootustele, et iga detail oleks t\u00e4pselt teie soovide kohane.<\/p>\t\t\t\t\t\t\t\t<\/div>\n\t\t\t\t<\/div>\n\t\t\t\t<div class=\"elementor-element elementor-element-15b3dc2 elementor-widget-divider--view-line elementor-widget elementor-widget-divider\" data-id=\"15b3dc2\" data-element_type=\"widget\" data-e-type=\"widget\" data-widget_type=\"divider.default\">\n\t\t\t\t<div class=\"elementor-widget-container\">\n\t\t\t\t\t\t\t<div class=\"elementor-divider\">\n\t\t\t<span class=\"elementor-divider-separator\">\n\t\t\t\t\t\t<\/span>\n\t\t<\/div>\n\t\t\t\t\t\t<\/div>\n\t\t\t\t<\/div>\n\t\t\t\t<div class=\"elementor-element elementor-element-db4e9a7 elementor-arrows-position-inside elementor-pagination-position-outside elementor-widget elementor-widget-image-carousel\" data-id=\"db4e9a7\" data-element_type=\"widget\" data-e-type=\"widget\" data-settings=\"{&quot;navigation&quot;:&quot;both&quot;,&quot;autoplay&quot;:&quot;yes&quot;,&quot;pause_on_hover&quot;:&quot;yes&quot;,&quot;pause_on_interaction&quot;:&quot;yes&quot;,&quot;autoplay_speed&quot;:5000,&quot;infinite&quot;:&quot;yes&quot;,&quot;speed&quot;:500}\" data-widget_type=\"image-carousel.default\">\n\t\t\t\t<div class=\"elementor-widget-container\">\n\t\t\t\t\t\t\t<div class=\"elementor-image-carousel-wrapper swiper\" role=\"region\" aria-roledescription=\"carousel\" aria-label=\"Image Carousel\" dir=\"ltr\" data-no-translation-aria-label=\"\">\n\t\t\t<div class=\"elementor-image-carousel swiper-wrapper\" aria-live=\"off\">\n\t\t\t\t\t\t\t\t<div class=\"swiper-slide\" role=\"group\" aria-roledescription=\"slide\" aria-label=\"1 of 14\" data-no-translation-aria-label=\"\"><a data-elementor-open-lightbox=\"yes\" data-elementor-lightbox-slideshow=\"db4e9a7\" data-elementor-lightbox-title=\"IMG_20240702_215636150\" data-e-action-hash=\"#elementor-action%3Aaction%3Dlightbox%26settings%3DeyJpZCI6NDU3OCwidXJsIjoiaHR0cHM6XC9cL2JicWZhcm0uZXVcL3dwLWNvbnRlbnRcL3VwbG9hZHNcLzIwMjRcLzA3XC9pbWctMjAyNDA3MDItMjE1NjM2MTUwLXNjYWxlZC5qcGciLCJzbGlkZXNob3ciOiJkYjRlOWE3In0%3D\" href=\"https:\/\/bbqfarm.eu\/wp-content\/uploads\/2024\/07\/img-20240702-215636150-scaled.jpg\" data-rel=\"lightbox-image-0\" data-imagelightbox=\"0\" data-rl_title=\"\" data-rl_caption=\"\" title=\"\"><figure class=\"swiper-slide-inner\"><img decoding=\"async\" class=\"swiper-slide-image\" src=\"https:\/\/bbqfarm.eu\/wp-content\/uploads\/2024\/07\/img-20240702-215636150-150x150.jpg\" alt=\"IMG_20240702_215636150\" \/><\/figure><\/a><\/div><div class=\"swiper-slide\" role=\"group\" aria-roledescription=\"slide\" aria-label=\"2 of 14\" data-no-translation-aria-label=\"\"><a data-elementor-open-lightbox=\"yes\" data-elementor-lightbox-slideshow=\"db4e9a7\" data-elementor-lightbox-title=\"IMG_20240624_125545815\" data-e-action-hash=\"#elementor-action%3Aaction%3Dlightbox%26settings%3DeyJpZCI6NDUyMSwidXJsIjoiaHR0cHM6XC9cL2JicWZhcm0uZXVcL3dwLWNvbnRlbnRcL3VwbG9hZHNcLzIwMjRcLzA2XC9pbWctMjAyNDA2MjQtMTI1NTQ1ODE1LmpwZyIsInNsaWRlc2hvdyI6ImRiNGU5YTcifQ%3D%3D\" href=\"https:\/\/bbqfarm.eu\/wp-content\/uploads\/2024\/06\/img-20240624-125545815.jpg\" data-rel=\"lightbox-image-1\" data-imagelightbox=\"1\" data-rl_title=\"\" data-rl_caption=\"\" title=\"\"><figure class=\"swiper-slide-inner\"><img decoding=\"async\" class=\"swiper-slide-image\" src=\"https:\/\/bbqfarm.eu\/wp-content\/uploads\/2024\/06\/img-20240624-125545815-150x150.jpg\" alt=\"IMG_20240624_125545815\" \/><\/figure><\/a><\/div><div class=\"swiper-slide\" role=\"group\" aria-roledescription=\"slide\" aria-label=\"3 of 14\" data-no-translation-aria-label=\"\"><a data-elementor-open-lightbox=\"yes\" data-elementor-lightbox-slideshow=\"db4e9a7\" data-elementor-lightbox-title=\"20240430-293\" data-e-action-hash=\"#elementor-action%3Aaction%3Dlightbox%26settings%3DeyJpZCI6NDQ4NywidXJsIjoiaHR0cHM6XC9cL2JicWZhcm0uZXVcL3dwLWNvbnRlbnRcL3VwbG9hZHNcLzIwMjRcLzA1XC8yMDI0MDQzMC0yOTMtc2NhbGVkLmpwZyIsInNsaWRlc2hvdyI6ImRiNGU5YTcifQ%3D%3D\" href=\"https:\/\/bbqfarm.eu\/wp-content\/uploads\/2024\/05\/20240430-293-scaled.jpg\" data-rel=\"lightbox-image-2\" data-imagelightbox=\"2\" data-rl_title=\"\" data-rl_caption=\"\" title=\"\"><figure class=\"swiper-slide-inner\"><img decoding=\"async\" class=\"swiper-slide-image\" src=\"https:\/\/bbqfarm.eu\/wp-content\/uploads\/2024\/05\/20240430-293-150x150.jpg\" alt=\"20240430-293\" \/><\/figure><\/a><\/div><div class=\"swiper-slide\" role=\"group\" aria-roledescription=\"slide\" aria-label=\"4 of 14\" data-no-translation-aria-label=\"\"><a data-elementor-open-lightbox=\"yes\" data-elementor-lightbox-slideshow=\"db4e9a7\" data-elementor-lightbox-title=\"20240430-230\" data-e-action-hash=\"#elementor-action%3Aaction%3Dlightbox%26settings%3DeyJpZCI6NDQ4MywidXJsIjoiaHR0cHM6XC9cL2JicWZhcm0uZXVcL3dwLWNvbnRlbnRcL3VwbG9hZHNcLzIwMjRcLzA1XC8yMDI0MDQzMC0yMzAtc2NhbGVkLmpwZyIsInNsaWRlc2hvdyI6ImRiNGU5YTcifQ%3D%3D\" href=\"https:\/\/bbqfarm.eu\/wp-content\/uploads\/2024\/05\/20240430-230-scaled.jpg\" data-rel=\"lightbox-image-3\" data-imagelightbox=\"3\" data-rl_title=\"\" data-rl_caption=\"\" title=\"\"><figure class=\"swiper-slide-inner\"><img decoding=\"async\" class=\"swiper-slide-image\" src=\"https:\/\/bbqfarm.eu\/wp-content\/uploads\/2024\/05\/20240430-230-150x150.jpg\" alt=\"20240430-230\" \/><\/figure><\/a><\/div><div class=\"swiper-slide\" role=\"group\" aria-roledescription=\"slide\" aria-label=\"5 of 14\" data-no-translation-aria-label=\"\"><a data-elementor-open-lightbox=\"yes\" data-elementor-lightbox-slideshow=\"db4e9a7\" data-elementor-lightbox-title=\"20240430-347\" data-e-action-hash=\"#elementor-action%3Aaction%3Dlightbox%26settings%3DeyJpZCI6NDQ5MCwidXJsIjoiaHR0cHM6XC9cL2JicWZhcm0uZXVcL3dwLWNvbnRlbnRcL3VwbG9hZHNcLzIwMjRcLzA1XC8yMDI0MDQzMC0zNDctc2NhbGVkLmpwZyIsInNsaWRlc2hvdyI6ImRiNGU5YTcifQ%3D%3D\" href=\"https:\/\/bbqfarm.eu\/wp-content\/uploads\/2024\/05\/20240430-347-scaled.jpg\" data-rel=\"lightbox-image-4\" data-imagelightbox=\"4\" data-rl_title=\"\" data-rl_caption=\"\" title=\"\"><figure class=\"swiper-slide-inner\"><img decoding=\"async\" class=\"swiper-slide-image\" src=\"https:\/\/bbqfarm.eu\/wp-content\/uploads\/2024\/05\/20240430-347-150x150.jpg\" alt=\"20240430-347\" \/><\/figure><\/a><\/div><div class=\"swiper-slide\" role=\"group\" aria-roledescription=\"slide\" aria-label=\"6 of 14\" data-no-translation-aria-label=\"\"><a data-elementor-open-lightbox=\"yes\" data-elementor-lightbox-slideshow=\"db4e9a7\" data-elementor-lightbox-title=\"20240430-150\" data-e-action-hash=\"#elementor-action%3Aaction%3Dlightbox%26settings%3DeyJpZCI6NDQ4MCwidXJsIjoiaHR0cHM6XC9cL2JicWZhcm0uZXVcL3dwLWNvbnRlbnRcL3VwbG9hZHNcLzIwMjRcLzA1XC8yMDI0MDQzMC0xNTAtc2NhbGVkLmpwZyIsInNsaWRlc2hvdyI6ImRiNGU5YTcifQ%3D%3D\" href=\"https:\/\/bbqfarm.eu\/wp-content\/uploads\/2024\/05\/20240430-150-scaled.jpg\" data-rel=\"lightbox-image-5\" data-imagelightbox=\"5\" data-rl_title=\"\" data-rl_caption=\"\" title=\"\"><figure class=\"swiper-slide-inner\"><img decoding=\"async\" class=\"swiper-slide-image\" src=\"https:\/\/bbqfarm.eu\/wp-content\/uploads\/2024\/05\/20240430-150-150x150.jpg\" alt=\"20240430-150\" \/><\/figure><\/a><\/div><div class=\"swiper-slide\" role=\"group\" aria-roledescription=\"slide\" aria-label=\"7 of 14\" data-no-translation-aria-label=\"\"><a data-elementor-open-lightbox=\"yes\" data-elementor-lightbox-slideshow=\"db4e9a7\" data-elementor-lightbox-title=\"20240430-084\" data-e-action-hash=\"#elementor-action%3Aaction%3Dlightbox%26settings%3DeyJpZCI6NDQ3NywidXJsIjoiaHR0cHM6XC9cL2JicWZhcm0uZXVcL3dwLWNvbnRlbnRcL3VwbG9hZHNcLzIwMjRcLzA1XC8yMDI0MDQzMC0wODQtc2NhbGVkLmpwZyIsInNsaWRlc2hvdyI6ImRiNGU5YTcifQ%3D%3D\" href=\"https:\/\/bbqfarm.eu\/wp-content\/uploads\/2024\/05\/20240430-084-scaled.jpg\" data-rel=\"lightbox-image-6\" data-imagelightbox=\"6\" data-rl_title=\"\" data-rl_caption=\"\" title=\"\"><figure class=\"swiper-slide-inner\"><img decoding=\"async\" class=\"swiper-slide-image\" src=\"https:\/\/bbqfarm.eu\/wp-content\/uploads\/2024\/05\/20240430-084-150x150.jpg\" alt=\"20240430-084\" \/><\/figure><\/a><\/div><div class=\"swiper-slide\" role=\"group\" aria-roledescription=\"slide\" aria-label=\"8 of 14\" data-no-translation-aria-label=\"\"><a data-elementor-open-lightbox=\"yes\" data-elementor-lightbox-slideshow=\"db4e9a7\" data-elementor-lightbox-title=\"ribi\" data-e-action-hash=\"#elementor-action%3Aaction%3Dlightbox%26settings%3DeyJpZCI6NDM1NSwidXJsIjoiaHR0cHM6XC9cL2JicWZhcm0uZXVcL3dwLWNvbnRlbnRcL3VwbG9hZHNcLzIwMjNcLzA5XC9yaWJpLXNjYWxlZC5qcGciLCJzbGlkZXNob3ciOiJkYjRlOWE3In0%3D\" href=\"https:\/\/bbqfarm.eu\/wp-content\/uploads\/2023\/09\/ribi-scaled.jpg\" data-rel=\"lightbox-image-7\" data-imagelightbox=\"7\" data-rl_title=\"\" data-rl_caption=\"\" title=\"\"><figure class=\"swiper-slide-inner\"><img decoding=\"async\" class=\"swiper-slide-image\" src=\"https:\/\/bbqfarm.eu\/wp-content\/uploads\/2023\/09\/ribi-150x150.jpg\" alt=\"ribi\" \/><\/figure><\/a><\/div><div class=\"swiper-slide\" role=\"group\" aria-roledescription=\"slide\" aria-label=\"9 of 14\" data-no-translation-aria-label=\"\"><a data-elementor-open-lightbox=\"yes\" data-elementor-lightbox-slideshow=\"db4e9a7\" data-elementor-lightbox-title=\"pellet 1\" data-e-action-hash=\"#elementor-action%3Aaction%3Dlightbox%26settings%3DeyJpZCI6NDMzMCwidXJsIjoiaHR0cHM6XC9cL2JicWZhcm0uZXVcL3dwLWNvbnRlbnRcL3VwbG9hZHNcLzIwMjNcLzA5XC9wZWxsZXQtMS5qcGciLCJzbGlkZXNob3ciOiJkYjRlOWE3In0%3D\" href=\"https:\/\/bbqfarm.eu\/wp-content\/uploads\/2023\/09\/pellet-1.jpg\" data-rel=\"lightbox-image-8\" data-imagelightbox=\"8\" data-rl_title=\"\" data-rl_caption=\"\" title=\"\"><figure class=\"swiper-slide-inner\"><img decoding=\"async\" class=\"swiper-slide-image\" src=\"https:\/\/bbqfarm.eu\/wp-content\/uploads\/2023\/09\/pellet-1-150x150.jpg\" alt=\"pellet 1\" \/><\/figure><\/a><\/div><div class=\"swiper-slide\" role=\"group\" aria-roledescription=\"slide\" aria-label=\"10 of 14\" data-no-translation-aria-label=\"\"><a data-elementor-open-lightbox=\"yes\" data-elementor-lightbox-slideshow=\"db4e9a7\" data-elementor-lightbox-title=\"IMG_3685 v\u00e4ike\" data-e-action-hash=\"#elementor-action%3Aaction%3Dlightbox%26settings%3DeyJpZCI6NDIzNiwidXJsIjoiaHR0cHM6XC9cL2JicWZhcm0uZXVcL3dwLWNvbnRlbnRcL3VwbG9hZHNcLzIwMjNcLzA4XC9pbWctMzY4NS12YWlrZS5qcGciLCJzbGlkZXNob3ciOiJkYjRlOWE3In0%3D\" href=\"https:\/\/bbqfarm.eu\/wp-content\/uploads\/2023\/08\/img-3685-vaike.jpg\" data-rel=\"lightbox-image-9\" data-imagelightbox=\"9\" data-rl_title=\"\" data-rl_caption=\"\" title=\"\"><figure class=\"swiper-slide-inner\"><img decoding=\"async\" class=\"swiper-slide-image\" src=\"https:\/\/bbqfarm.eu\/wp-content\/uploads\/2023\/08\/img-3685-vaike-150x150.jpg\" alt=\"IMG_3685 v\u00e4ike\" \/><\/figure><\/a><\/div><div class=\"swiper-slide\" role=\"group\" aria-roledescription=\"slide\" aria-label=\"11 of 14\" data-no-translation-aria-label=\"\"><a data-elementor-open-lightbox=\"yes\" data-elementor-lightbox-slideshow=\"db4e9a7\" data-elementor-lightbox-title=\"IMG_7755\" data-e-action-hash=\"#elementor-action%3Aaction%3Dlightbox%26settings%3DeyJpZCI6MTYxNSwidXJsIjoiaHR0cHM6XC9cL2JicWZhcm0uZXVcL3dwLWNvbnRlbnRcL3VwbG9hZHNcLzIwMjNcLzA2XC9pbWctNzc1NS5qcGciLCJzbGlkZXNob3ciOiJkYjRlOWE3In0%3D\" href=\"https:\/\/bbqfarm.eu\/wp-content\/uploads\/2023\/06\/img-7755.jpg\" data-rel=\"lightbox-image-10\" data-imagelightbox=\"10\" data-rl_title=\"\" data-rl_caption=\"\" title=\"\"><figure class=\"swiper-slide-inner\"><img decoding=\"async\" class=\"swiper-slide-image\" src=\"https:\/\/bbqfarm.eu\/wp-content\/uploads\/2023\/06\/img-7755-150x150.jpg\" alt=\"IMG_7755\" \/><\/figure><\/a><\/div><div class=\"swiper-slide\" role=\"group\" aria-roledescription=\"slide\" aria-label=\"12 of 14\" data-no-translation-aria-label=\"\"><a data-elementor-open-lightbox=\"yes\" data-elementor-lightbox-slideshow=\"db4e9a7\" data-elementor-lightbox-title=\"HLUH9587\" data-e-action-hash=\"#elementor-action%3Aaction%3Dlightbox%26settings%3DeyJpZCI6MTQzMywidXJsIjoiaHR0cHM6XC9cL2JicWZhcm0uZXVcL3dwLWNvbnRlbnRcL3VwbG9hZHNcLzIwMjNcLzA2XC9obHVoOTU4Ny5qcGciLCJzbGlkZXNob3ciOiJkYjRlOWE3In0%3D\" href=\"https:\/\/bbqfarm.eu\/wp-content\/uploads\/2023\/06\/hluh9587.jpg\" data-rel=\"lightbox-image-11\" data-imagelightbox=\"11\" data-rl_title=\"\" data-rl_caption=\"\" title=\"\"><figure class=\"swiper-slide-inner\"><img decoding=\"async\" class=\"swiper-slide-image\" src=\"https:\/\/bbqfarm.eu\/wp-content\/uploads\/2023\/06\/hluh9587-150x150.jpg\" alt=\"HLUH9587\" \/><\/figure><\/a><\/div><div class=\"swiper-slide\" role=\"group\" aria-roledescription=\"slide\" aria-label=\"13 of 14\" data-no-translation-aria-label=\"\"><a data-elementor-open-lightbox=\"yes\" data-elementor-lightbox-slideshow=\"db4e9a7\" data-elementor-lightbox-title=\"AUPM5019\" data-e-action-hash=\"#elementor-action%3Aaction%3Dlightbox%26settings%3DeyJpZCI6MTQyNywidXJsIjoiaHR0cHM6XC9cL2JicWZhcm0uZXVcL3dwLWNvbnRlbnRcL3VwbG9hZHNcLzIwMjNcLzA2XC9hdXBtNTAxOS5qcGciLCJzbGlkZXNob3ciOiJkYjRlOWE3In0%3D\" href=\"https:\/\/bbqfarm.eu\/wp-content\/uploads\/2023\/06\/aupm5019.jpg\" data-rel=\"lightbox-image-12\" data-imagelightbox=\"12\" data-rl_title=\"\" data-rl_caption=\"\" title=\"\"><figure class=\"swiper-slide-inner\"><img decoding=\"async\" class=\"swiper-slide-image\" src=\"https:\/\/bbqfarm.eu\/wp-content\/uploads\/2023\/06\/aupm5019-150x150.jpg\" alt=\"AUPM5019\" \/><\/figure><\/a><\/div><div class=\"swiper-slide\" role=\"group\" aria-roledescription=\"slide\" aria-label=\"14 of 14\" data-no-translation-aria-label=\"\"><a data-elementor-open-lightbox=\"yes\" data-elementor-lightbox-slideshow=\"db4e9a7\" data-elementor-lightbox-title=\"20240430-009\" data-e-action-hash=\"#elementor-action%3Aaction%3Dlightbox%26settings%3DeyJpZCI6NDQ5MywidXJsIjoiaHR0cHM6XC9cL2JicWZhcm0uZXVcL3dwLWNvbnRlbnRcL3VwbG9hZHNcLzIwMjRcLzA1XC8yMDI0MDQzMC0wMDktc2NhbGVkLmpwZyIsInNsaWRlc2hvdyI6ImRiNGU5YTcifQ%3D%3D\" href=\"https:\/\/bbqfarm.eu\/wp-content\/uploads\/2024\/05\/20240430-009-scaled.jpg\" data-rel=\"lightbox-image-13\" data-imagelightbox=\"13\" data-rl_title=\"\" data-rl_caption=\"\" title=\"\"><figure class=\"swiper-slide-inner\"><img decoding=\"async\" class=\"swiper-slide-image\" src=\"https:\/\/bbqfarm.eu\/wp-content\/uploads\/2024\/05\/20240430-009-150x150.jpg\" alt=\"20240430-009\" \/><\/figure><\/a><\/div>\t\t\t<\/div>\n\t\t\t\t\t\t\t\t\t\t\t\t<div class=\"elementor-swiper-button elementor-swiper-button-prev\" role=\"button\" tabindex=\"0\">\n\t\t\t\t\t\t<i aria-hidden=\"true\" class=\"eicon-chevron-left\"><\/i>\t\t\t\t\t<\/div>\n\t\t\t\t\t<div class=\"elementor-swiper-button elementor-swiper-button-next\" role=\"button\" tabindex=\"0\">\n\t\t\t\t\t\t<i aria-hidden=\"true\" class=\"eicon-chevron-right\"><\/i>\t\t\t\t\t<\/div>\n\t\t\t\t\n\t\t\t\t\t\t\t\t\t<div class=\"swiper-pagination\"><\/div>\n\t\t\t\t\t\t\t\t\t<\/div>\n\t\t\t\t\t\t<\/div>\n\t\t\t\t<\/div>\n\t\t\t\t<div class=\"elementor-element elementor-element-4c8870f elementor-widget elementor-widget-spacer\" data-id=\"4c8870f\" data-element_type=\"widget\" data-e-type=\"widget\" data-widget_type=\"spacer.default\">\n\t\t\t\t<div class=\"elementor-widget-container\">\n\t\t\t\t\t\t\t<div class=\"elementor-spacer\">\n\t\t\t<div class=\"elementor-spacer-inner\"><\/div>\n\t\t<\/div>\n\t\t\t\t\t\t<\/div>\n\t\t\t\t<\/div>\n\t\t\t\t\t<\/div>\n\t\t\t\t<\/div>\n\t\t\t\t<\/div>","protected":false},"excerpt":{"rendered":"<p>Talukompleks Terve Grillitalu Teie p\u00e4ralt! Grillitalu pakub Teile ainulaadset ja mahukat alajaotust. See suur talukompleks on varustatud vajalike hoonetega, mis tagavad, et iga Teie \u00fcritus, olgu see suvep\u00e4evade t\u00e4histamine v\u00f5i muu t\u00e4hts\u00fcndmus, kulgeks sujuvalt ja meeldej\u00e4\u00e4valt. Olgu Teil plaanis suvep\u00e4evade t\u00e4histamine, s\u00fcnnip\u00e4eva pidamine, meeskonna\u00fcritus v\u00f5i m\u00f5ni muu t\u00e4hts\u00fcndmus &#8211; Grillitalu pakub k\u00f5ike, mida vajate, et [&hellip;]<\/p>\n","protected":false},"author":1,"featured_media":0,"parent":0,"menu_order":0,"comment_status":"closed","ping_status":"closed","template":"","meta":{"footnotes":""},"class_list":["post-1269","page","type-page","status-publish","hentry"],"blocksy_meta":{"has_hero_section":"disabled","vertical_spacing_source":"custom","content_area_spacing":"none"},"_links":{"self":[{"href":"https:\/\/bbqfarm.eu\/en\/wp-json\/wp\/v2\/pages\/1269","targetHints":{"allow":["GET"]}}],"collection":[{"href":"https:\/\/bbqfarm.eu\/en\/wp-json\/wp\/v2\/pages"}],"about":[{"href":"https:\/\/bbqfarm.eu\/en\/wp-json\/wp\/v2\/types\/page"}],"author":[{"embeddable":true,"href":"https:\/\/bbqfarm.eu\/en\/wp-json\/wp\/v2\/users\/1"}],"replies":[{"embeddable":true,"href":"https:\/\/bbqfarm.eu\/en\/wp-json\/wp\/v2\/comments?post=1269"}],"version-history":[{"count":0,"href":"https:\/\/bbqfarm.eu\/en\/wp-json\/wp\/v2\/pages\/1269\/revisions"}],"wp:attachment":[{"href":"https:\/\/bbqfarm.eu\/en\/wp-json\/wp\/v2\/media?parent=1269"}],"curies":[{"name":"wp","href":"https:\/\/api.w.org\/{rel}","templated":true}]}}