{"id":5150,"date":"2024-09-13T12:41:14","date_gmt":"2024-09-13T09:41:14","guid":{"rendered":"https:\/\/bbqfarm.eu\/?page_id=5150"},"modified":"2026-04-02T16:42:34","modified_gmt":"2026-04-02T13:42:34","slug":"matkaauto","status":"publish","type":"page","link":"https:\/\/bbqfarm.eu\/en\/matkaauto\/","title":{"rendered":"Matkaauto"},"content":{"rendered":"<div data-elementor-type=\"wp-page\" data-elementor-id=\"5150\" class=\"elementor elementor-5150\" data-elementor-post-type=\"page\">\n\t\t\t\t<div class=\"elementor-element elementor-element-2395eb66 e-flex e-con-boxed e-con e-parent\" data-id=\"2395eb66\" data-element_type=\"container\" data-e-type=\"container\" data-settings=\"{&quot;background_background&quot;:&quot;classic&quot;}\">\n\t\t\t\t\t<div class=\"e-con-inner\">\n\t\t\t\t<div class=\"elementor-element elementor-element-65862b07 elementor-widget elementor-widget-heading\" data-id=\"65862b07\" data-element_type=\"widget\" data-e-type=\"widget\" data-widget_type=\"heading.default\">\n\t\t\t\t<div class=\"elementor-widget-container\">\n\t\t\t\t\t<h2 class=\"elementor-heading-title elementor-size-default\">CAMPERVAN<\/h2>\t\t\t\t<\/div>\n\t\t\t\t<\/div>\n\t\t\t\t\t<\/div>\n\t\t\t\t<\/div>\n\t\t<div class=\"elementor-element elementor-element-b0e50c4 e-flex e-con-boxed e-con e-parent\" data-id=\"b0e50c4\" data-element_type=\"container\" data-e-type=\"container\">\n\t\t\t\t\t<div class=\"e-con-inner\">\n\t\t\t\t<div class=\"elementor-element elementor-element-d916cc5 elementor-widget elementor-widget-spacer\" data-id=\"d916cc5\" data-element_type=\"widget\" data-e-type=\"widget\" data-widget_type=\"spacer.default\">\n\t\t\t\t<div class=\"elementor-widget-container\">\n\t\t\t\t\t\t\t<div class=\"elementor-spacer\">\n\t\t\t<div class=\"elementor-spacer-inner\"><\/div>\n\t\t<\/div>\n\t\t\t\t\t\t<\/div>\n\t\t\t\t<\/div>\n\t\t\t\t<div class=\"elementor-element elementor-element-7d31bf6 elementor-widget elementor-widget-text-editor\" data-id=\"7d31bf6\" data-element_type=\"widget\" data-e-type=\"widget\" data-widget_type=\"text-editor.default\">\n\t\t\t\t<div class=\"elementor-widget-container\">\n\t\t\t\t\t\t\t\t\t<p>Kas otsid mugavat ja stiilset viisi, kuidas avastada Eestimaa kauneid paiku v\u00f5i minna kaugemalegi? Meie v\u00e4hekasutatud matkaauto Adria Sun Living S75SL Citr\u00f6en pakub Sulle k\u00f5ike, mida vajad, et muuta oma puhkus t\u00f5eliselt meeldej\u00e4\u00e4vaks. &#8220;H\u00e4\u00e4gis&#8221;, nagu Grillitalu peremees hellitavalt teda kutsub, on varustatud k\u00f5igi kaasaegsete mugavustega, mis tagavad, et tunneksid end igal sammul kui kodus.<\/p>\t\t\t\t\t\t\t\t<\/div>\n\t\t\t\t<\/div>\n\t\t\t\t<div class=\"elementor-element elementor-element-3375abc elementor-widget-divider--view-line elementor-widget elementor-widget-divider\" data-id=\"3375abc\" data-element_type=\"widget\" data-e-type=\"widget\" data-widget_type=\"divider.default\">\n\t\t\t\t<div class=\"elementor-widget-container\">\n\t\t\t\t\t\t\t<div class=\"elementor-divider\">\n\t\t\t<span class=\"elementor-divider-separator\">\n\t\t\t\t\t\t<\/span>\n\t\t<\/div>\n\t\t\t\t\t\t<\/div>\n\t\t\t\t<\/div>\n\t\t\t\t<div class=\"elementor-element elementor-element-a6c1e64 elementor-widget elementor-widget-text-editor\" data-id=\"a6c1e64\" data-element_type=\"widget\" data-e-type=\"widget\" data-widget_type=\"text-editor.default\">\n\t\t\t\t<div class=\"elementor-widget-container\">\n\t\t\t\t\t\t\t\t\t<p><strong>Miks valida &#8220;H\u00e4\u00e4gis&#8221;?<\/strong><\/p><p>Ruumikas ja mugav interj\u00f6\u00f6r \u2013 ideaalne perele v\u00f5i s\u00f5pradele<\/p><p>T\u00e4isvarustuses k\u00f6\u00f6k, et saaksid nautida oma lemmiktoite ka teel olles<\/p><p>Kaasaegsed sanitaarruumid, et hoida end v\u00e4rskena<\/p><p>Hubased voodid, kus uni tuleb kiiresti peale<\/p><p>Suured panipaigad, et saaksid kaasa v\u00f5tta k\u00f5ik vajaliku<\/p>\t\t\t\t\t\t\t\t<\/div>\n\t\t\t\t<\/div>\n\t\t\t\t<div class=\"elementor-element elementor-element-9d557d2 elementor-widget-divider--view-line elementor-widget elementor-widget-divider\" data-id=\"9d557d2\" data-element_type=\"widget\" data-e-type=\"widget\" data-widget_type=\"divider.default\">\n\t\t\t\t<div class=\"elementor-widget-container\">\n\t\t\t\t\t\t\t<div class=\"elementor-divider\">\n\t\t\t<span class=\"elementor-divider-separator\">\n\t\t\t\t\t\t<\/span>\n\t\t<\/div>\n\t\t\t\t\t\t<\/div>\n\t\t\t\t<\/div>\n\t\t\t\t<div class=\"elementor-element elementor-element-ed261de elementor-widget elementor-widget-text-editor\" data-id=\"ed261de\" data-element_type=\"widget\" data-e-type=\"widget\" data-widget_type=\"text-editor.default\">\n\t\t\t\t<div class=\"elementor-widget-container\">\n\t\t\t\t\t\t\t\t\t<p><strong>Meie matkaautos on k\u00f5ik vajalik mugavaks ja muretuks puhkuseks!<\/strong><\/p><p>Meie matkaauto on t\u00e4ielikult varustatud, et pakkuda Sulle k\u00f5ike vajalikku mugavaks reisimiseks ja looduses viibimiseks. Saad nautida oma matka, muretsemata vajalike vahendite p\u00e4rast. Matkaautos on olemas k\u00f5ik toidutegemiseks ja ajaveetmiseks vajalikud esemed. Auto varustusse kuuluvad kokkupandav matkalauake ja matkatoolid, et saaksid mugavalt v\u00e4ljas istuda ja s\u00f6\u00f6ki nautida. Lisaks on olemas kompaktne grill, mis sobib ideaalselt maitsvate roogade valmistamiseks v\u00e4rskes \u00f5hus.<\/p><p>Rattahoidja lisamise v\u00f5imalus.<\/p><p>Praktilised lisatarvikud, nagu vooluadapterid, veevoolik ja pikendusjuhe, tagavad, et Sul on alati ligip\u00e4\u00e4s vajalikele \u00fchendustele ja t\u00f6\u00f6riistadele. Samuti on kaasas \u00fcks silmini t\u00e4is gaasiballoon, et k\u00f5ik oleks valmis kohe kasutamiseks. K\u00f5ik see on m\u00f5eldud selleks, et muuta Sinu matkaauto kogemus v\u00f5imalikult mugavaks ja meeldivaks.<\/p><p>Kui soovid veelgi rohkem mugavust, pakume lisatasu eest v\u00f5imalust tellida voodipesu ja r\u00e4tikud ette, et saaksid keskenduda t\u00e4ielikult oma puhkusele, ilma et peaksid millegi p\u00e4rast muretsema.<\/p>\t\t\t\t\t\t\t\t<\/div>\n\t\t\t\t<\/div>\n\t\t\t\t<div class=\"elementor-element elementor-element-b802af6 elementor-widget-divider--view-line elementor-widget elementor-widget-divider\" data-id=\"b802af6\" data-element_type=\"widget\" data-e-type=\"widget\" data-widget_type=\"divider.default\">\n\t\t\t\t<div class=\"elementor-widget-container\">\n\t\t\t\t\t\t\t<div class=\"elementor-divider\">\n\t\t\t<span class=\"elementor-divider-separator\">\n\t\t\t\t\t\t<\/span>\n\t\t<\/div>\n\t\t\t\t\t\t<\/div>\n\t\t\t\t<\/div>\n\t\t\t\t<div class=\"elementor-element elementor-element-e88f692 elementor-widget elementor-widget-text-editor\" data-id=\"e88f692\" data-element_type=\"widget\" data-e-type=\"widget\" data-widget_type=\"text-editor.default\">\n\t\t\t\t<div class=\"elementor-widget-container\">\n\t\t\t\t\t\t\t\t\t<p><strong>Rendihind ja tingimused<\/strong><\/p><p>Matkaauto rendihinnad:<\/p><p>01.10-30.04\u00a0\u00a0<strong>200\u20ac + km esimene p\u00e4ev ning iga j\u00e4rgnev p\u00e4ev on 80\u20ac +km.<\/strong>\u00a0<\/p><p>01.05-15.06; 21.08-30.09\u00a0\u00a0<strong>210\u20ac + km esimene p\u00e4ev ning iga j\u00e4rgnev p\u00e4ev on 100\u20ac +km.<\/strong>\u00a0<\/p><p>16.06-20.08\u00a0\u00a0<strong>240\u20ac + km esimene p\u00e4ev ning iga j\u00e4rgnev p\u00e4ev on 125\u20ac +km.<\/strong>\u00a0<\/p><p>Pikema, kui 14-p\u00e4evasele rendiperioodile k\u00fcsi eraldi hinda.<\/p><p>Broneerimistasu on 700\u20ac, mille tagastame peale matkaauto tervena ja elementaarselt puhtana tagastamist.\u00a0<\/p><p>Rendihinnas on juba k\u00f5ik vajalikud teenused ja kulud, sealhulgas kasko- ja liikluskindlustus, samuti matkaauto kasutusj\u00e4rgne v\u00e4lipesu. Auto on tehniliselt korras ja valmis teekonnaks, tagades Sulle muretu ja sujuva reisielamuse.<\/p><p>Meie eesm\u00e4rk on pakkuda maksimaalset mugavust, kus k\u00f5ik vajalik on juba rendihinna sees.<\/p>\t\t\t\t\t\t\t\t<\/div>\n\t\t\t\t<\/div>\n\t\t\t\t<div class=\"elementor-element elementor-element-37c00cb elementor-widget-divider--view-line elementor-widget elementor-widget-divider\" data-id=\"37c00cb\" data-element_type=\"widget\" data-e-type=\"widget\" data-widget_type=\"divider.default\">\n\t\t\t\t<div class=\"elementor-widget-container\">\n\t\t\t\t\t\t\t<div class=\"elementor-divider\">\n\t\t\t<span class=\"elementor-divider-separator\">\n\t\t\t\t\t\t<\/span>\n\t\t<\/div>\n\t\t\t\t\t\t<\/div>\n\t\t\t\t<\/div>\n\t\t\t\t<div class=\"elementor-element elementor-element-ae20bcd elementor-widget elementor-widget-text-editor\" data-id=\"ae20bcd\" data-element_type=\"widget\" data-e-type=\"widget\" data-widget_type=\"text-editor.default\">\n\t\t\t\t<div class=\"elementor-widget-container\">\n\t\t\t\t\t\t\t\t\t<p><strong>V\u00f5ta &#8220;H\u00e4\u00e4gis&#8221; kaasa ja loo oma teekonnal uusi m\u00e4lestusi \u2013 oleme kindlad, et Sulle meeldib see vabadus, mugavus ja stiil, mida see matkaauto pakub.<\/strong><\/p><p>\u00a0<\/p><p>Kui Sul tekkis huvi ja soovid matkaautoga seiklema minna, siis v\u00f5ta meiega julgelt \u00fchendust! T\u00e4ida meie kontaktivorm, kirjuta meile aadressil <strong><a rel=\"noopener\">info@bbqfarm.eu<\/a><\/strong> v\u00f5i helista otse numbril <strong>+372 5326 9289<\/strong>. Oleme valmis vastama k\u00f5igile Su k\u00fcsimustele ja aitame Sul unustamatu matkareisi planeerida!<\/p><p><strong>\u00a0<\/strong><\/p>\t\t\t\t\t\t\t\t<\/div>\n\t\t\t\t<\/div>\n\t\t\t\t<div class=\"elementor-element elementor-element-d2a6b69 elementor-widget-divider--view-line elementor-widget elementor-widget-divider\" data-id=\"d2a6b69\" data-element_type=\"widget\" data-e-type=\"widget\" data-widget_type=\"divider.default\">\n\t\t\t\t<div class=\"elementor-widget-container\">\n\t\t\t\t\t\t\t<div class=\"elementor-divider\">\n\t\t\t<span class=\"elementor-divider-separator\">\n\t\t\t\t\t\t<\/span>\n\t\t<\/div>\n\t\t\t\t\t\t<\/div>\n\t\t\t\t<\/div>\n\t\t\t\t\t<\/div>\n\t\t\t\t<\/div>\n\t\t<div class=\"elementor-element elementor-element-0de5190 e-flex e-con-boxed e-con e-parent\" data-id=\"0de5190\" data-element_type=\"container\" data-e-type=\"container\">\n\t\t\t\t\t<div class=\"e-con-inner\">\n\t\t\t\t<div class=\"elementor-element elementor-element-9da7b54 elementor-widget elementor-widget-gallery\" data-id=\"9da7b54\" data-element_type=\"widget\" data-e-type=\"widget\" data-settings=\"{&quot;gallery_layout&quot;:&quot;masonry&quot;,&quot;columns&quot;:2,&quot;gap&quot;:{&quot;unit&quot;:&quot;px&quot;,&quot;size&quot;:7,&quot;sizes&quot;:[]},&quot;lazyload&quot;:&quot;yes&quot;,&quot;columns_tablet&quot;:2,&quot;columns_mobile&quot;:1,&quot;gap_tablet&quot;:{&quot;unit&quot;:&quot;px&quot;,&quot;size&quot;:10,&quot;sizes&quot;:[]},&quot;gap_mobile&quot;:{&quot;unit&quot;:&quot;px&quot;,&quot;size&quot;:10,&quot;sizes&quot;:[]},&quot;link_to&quot;:&quot;file&quot;,&quot;overlay_background&quot;:&quot;yes&quot;,&quot;content_hover_animation&quot;:&quot;fade-in&quot;}\" data-widget_type=\"gallery.default\">\n\t\t\t\t<div class=\"elementor-widget-container\">\n\t\t\t\t\t\t\t<div class=\"elementor-gallery__container\">\n\t\t\t\t\t\t\t<a class=\"e-gallery-item elementor-gallery-item elementor-animated-content\" href=\"https:\/\/bbqfarm.eu\/wp-content\/uploads\/2026\/04\/img-20240715-191906176-scaled.jpg\" data-elementor-open-lightbox=\"yes\" data-elementor-lightbox-slideshow=\"9da7b54\" data-elementor-lightbox-title=\"IMG_20240715_191906176\" data-e-action-hash=\"#elementor-action%3Aaction%3Dlightbox%26settings%3DeyJpZCI6NjQ1MSwidXJsIjoiaHR0cHM6XC9cL2JicWZhcm0uZXVcL3dwLWNvbnRlbnRcL3VwbG9hZHNcLzIwMjZcLzA0XC9pbWctMjAyNDA3MTUtMTkxOTA2MTc2LXNjYWxlZC5qcGciLCJzbGlkZXNob3ciOiI5ZGE3YjU0In0%3D\" data-rel=\"lightbox-image-0\" data-imagelightbox=\"0\" data-rl_title=\"\" data-rl_caption=\"\" title=\"\">\n\t\t\t\t\t<div class=\"e-gallery-image elementor-gallery-item__image\" data-thumbnail=\"https:\/\/bbqfarm.eu\/wp-content\/uploads\/2026\/04\/img-20240715-191906176-1024x768.jpg\" data-width=\"1004\" data-height=\"753\" aria-label=\"\" role=\"img\" ><\/div>\n\t\t\t\t\t\t\t\t\t\t\t<div class=\"elementor-gallery-item__overlay\"><\/div>\n\t\t\t\t\t\t\t\t\t\t\t\t\t\t<\/a>\n\t\t\t\t\t\t\t<a class=\"e-gallery-item elementor-gallery-item elementor-animated-content\" href=\"https:\/\/bbqfarm.eu\/wp-content\/uploads\/2026\/04\/451517882-8732406250128272-2105145462712041536-n.jpg\" data-elementor-open-lightbox=\"yes\" data-elementor-lightbox-slideshow=\"9da7b54\" data-elementor-lightbox-title=\"451517882_8732406250128272_2105145462712041536_n\" data-e-action-hash=\"#elementor-action%3Aaction%3Dlightbox%26settings%3DeyJpZCI6NjQ3OCwidXJsIjoiaHR0cHM6XC9cL2JicWZhcm0uZXVcL3dwLWNvbnRlbnRcL3VwbG9hZHNcLzIwMjZcLzA0XC80NTE1MTc4ODItODczMjQwNjI1MDEyODI3Mi0yMTA1MTQ1NDYyNzEyMDQxNTM2LW4uanBnIiwic2xpZGVzaG93IjoiOWRhN2I1NCJ9\" data-rel=\"lightbox-image-1\" data-imagelightbox=\"1\" data-rl_title=\"\" data-rl_caption=\"\" title=\"\">\n\t\t\t\t\t<div class=\"e-gallery-image elementor-gallery-item__image\" data-thumbnail=\"https:\/\/bbqfarm.eu\/wp-content\/uploads\/2026\/04\/451517882-8732406250128272-2105145462712041536-n-1024x768.jpg\" data-width=\"1004\" data-height=\"753\" aria-label=\"\" role=\"img\" ><\/div>\n\t\t\t\t\t\t\t\t\t\t\t<div class=\"elementor-gallery-item__overlay\"><\/div>\n\t\t\t\t\t\t\t\t\t\t\t\t\t\t<\/a>\n\t\t\t\t\t\t\t<a class=\"e-gallery-item elementor-gallery-item elementor-animated-content\" href=\"https:\/\/bbqfarm.eu\/wp-content\/uploads\/2026\/04\/364179460-204579445599502-5443451854463316749-n.jpg\" data-elementor-open-lightbox=\"yes\" data-elementor-lightbox-slideshow=\"9da7b54\" data-elementor-lightbox-title=\"364179460_204579445599502_5443451854463316749_n\" data-e-action-hash=\"#elementor-action%3Aaction%3Dlightbox%26settings%3DeyJpZCI6NjQ3NiwidXJsIjoiaHR0cHM6XC9cL2JicWZhcm0uZXVcL3dwLWNvbnRlbnRcL3VwbG9hZHNcLzIwMjZcLzA0XC8zNjQxNzk0NjAtMjA0NTc5NDQ1NTk5NTAyLTU0NDM0NTE4NTQ0NjMzMTY3NDktbi5qcGciLCJzbGlkZXNob3ciOiI5ZGE3YjU0In0%3D\" data-rel=\"lightbox-image-2\" data-imagelightbox=\"2\" data-rl_title=\"\" data-rl_caption=\"\" title=\"\">\n\t\t\t\t\t<div class=\"e-gallery-image elementor-gallery-item__image\" data-thumbnail=\"https:\/\/bbqfarm.eu\/wp-content\/uploads\/2026\/04\/364179460-204579445599502-5443451854463316749-n-768x1024.jpg\" data-width=\"768\" data-height=\"1024\" aria-label=\"\" role=\"img\" ><\/div>\n\t\t\t\t\t\t\t\t\t\t\t<div class=\"elementor-gallery-item__overlay\"><\/div>\n\t\t\t\t\t\t\t\t\t\t\t\t\t\t<\/a>\n\t\t\t\t\t\t\t<a class=\"e-gallery-item elementor-gallery-item elementor-animated-content\" href=\"https:\/\/bbqfarm.eu\/wp-content\/uploads\/2026\/04\/img-20240716-104347596-scaled.jpg\" data-elementor-open-lightbox=\"yes\" data-elementor-lightbox-slideshow=\"9da7b54\" data-elementor-lightbox-title=\"IMG_20240716_104347596\" data-e-action-hash=\"#elementor-action%3Aaction%3Dlightbox%26settings%3DeyJpZCI6NjQ2MywidXJsIjoiaHR0cHM6XC9cL2JicWZhcm0uZXVcL3dwLWNvbnRlbnRcL3VwbG9hZHNcLzIwMjZcLzA0XC9pbWctMjAyNDA3MTYtMTA0MzQ3NTk2LXNjYWxlZC5qcGciLCJzbGlkZXNob3ciOiI5ZGE3YjU0In0%3D\" data-rel=\"lightbox-image-3\" data-imagelightbox=\"3\" data-rl_title=\"\" data-rl_caption=\"\" title=\"\">\n\t\t\t\t\t<div class=\"e-gallery-image elementor-gallery-item__image\" data-thumbnail=\"https:\/\/bbqfarm.eu\/wp-content\/uploads\/2026\/04\/img-20240716-104347596-1024x576.jpg\" data-width=\"1004\" data-height=\"565\" aria-label=\"\" role=\"img\" ><\/div>\n\t\t\t\t\t\t\t\t\t\t\t<div class=\"elementor-gallery-item__overlay\"><\/div>\n\t\t\t\t\t\t\t\t\t\t\t\t\t\t<\/a>\n\t\t\t\t\t\t\t<a class=\"e-gallery-item elementor-gallery-item elementor-animated-content\" href=\"https:\/\/bbqfarm.eu\/wp-content\/uploads\/2026\/04\/img-20240716-104358411-scaled.jpg\" data-elementor-open-lightbox=\"yes\" data-elementor-lightbox-slideshow=\"9da7b54\" data-elementor-lightbox-title=\"IMG_20240716_104358411\" data-e-action-hash=\"#elementor-action%3Aaction%3Dlightbox%26settings%3DeyJpZCI6NjQ2NCwidXJsIjoiaHR0cHM6XC9cL2JicWZhcm0uZXVcL3dwLWNvbnRlbnRcL3VwbG9hZHNcLzIwMjZcLzA0XC9pbWctMjAyNDA3MTYtMTA0MzU4NDExLXNjYWxlZC5qcGciLCJzbGlkZXNob3ciOiI5ZGE3YjU0In0%3D\" data-rel=\"lightbox-image-4\" data-imagelightbox=\"4\" data-rl_title=\"\" data-rl_caption=\"\" title=\"\">\n\t\t\t\t\t<div class=\"e-gallery-image elementor-gallery-item__image\" data-thumbnail=\"https:\/\/bbqfarm.eu\/wp-content\/uploads\/2026\/04\/img-20240716-104358411-1024x576.jpg\" data-width=\"1004\" data-height=\"565\" aria-label=\"\" role=\"img\" ><\/div>\n\t\t\t\t\t\t\t\t\t\t\t<div class=\"elementor-gallery-item__overlay\"><\/div>\n\t\t\t\t\t\t\t\t\t\t\t\t\t\t<\/a>\n\t\t\t\t\t\t\t<a class=\"e-gallery-item elementor-gallery-item elementor-animated-content\" href=\"https:\/\/bbqfarm.eu\/wp-content\/uploads\/2026\/04\/img-1958-scaled.jpg\" data-elementor-open-lightbox=\"yes\" data-elementor-lightbox-slideshow=\"9da7b54\" data-elementor-lightbox-title=\"IMG_1958\" data-e-action-hash=\"#elementor-action%3Aaction%3Dlightbox%26settings%3DeyJpZCI6NjUxMSwidXJsIjoiaHR0cHM6XC9cL2JicWZhcm0uZXVcL3dwLWNvbnRlbnRcL3VwbG9hZHNcLzIwMjZcLzA0XC9pbWctMTk1OC1zY2FsZWQuanBnIiwic2xpZGVzaG93IjoiOWRhN2I1NCJ9\" data-rel=\"lightbox-image-5\" data-imagelightbox=\"5\" data-rl_title=\"\" data-rl_caption=\"\" title=\"\">\n\t\t\t\t\t<div class=\"e-gallery-image elementor-gallery-item__image\" data-thumbnail=\"https:\/\/bbqfarm.eu\/wp-content\/uploads\/2026\/04\/img-1958-1024x768.jpg\" data-width=\"1004\" data-height=\"753\" aria-label=\"\" role=\"img\" ><\/div>\n\t\t\t\t\t\t\t\t\t\t\t<div class=\"elementor-gallery-item__overlay\"><\/div>\n\t\t\t\t\t\t\t\t\t\t\t\t\t\t<\/a>\n\t\t\t\t\t\t\t<a class=\"e-gallery-item elementor-gallery-item elementor-animated-content\" href=\"https:\/\/bbqfarm.eu\/wp-content\/uploads\/2026\/04\/img-20240716-104337313-scaled.jpg\" data-elementor-open-lightbox=\"yes\" data-elementor-lightbox-slideshow=\"9da7b54\" data-elementor-lightbox-title=\"IMG_20240716_104337313\" data-e-action-hash=\"#elementor-action%3Aaction%3Dlightbox%26settings%3DeyJpZCI6NjQ2MiwidXJsIjoiaHR0cHM6XC9cL2JicWZhcm0uZXVcL3dwLWNvbnRlbnRcL3VwbG9hZHNcLzIwMjZcLzA0XC9pbWctMjAyNDA3MTYtMTA0MzM3MzEzLXNjYWxlZC5qcGciLCJzbGlkZXNob3ciOiI5ZGE3YjU0In0%3D\" data-rel=\"lightbox-image-6\" data-imagelightbox=\"6\" data-rl_title=\"\" data-rl_caption=\"\" title=\"\">\n\t\t\t\t\t<div class=\"e-gallery-image elementor-gallery-item__image\" data-thumbnail=\"https:\/\/bbqfarm.eu\/wp-content\/uploads\/2026\/04\/img-20240716-104337313-576x1024.jpg\" data-width=\"576\" data-height=\"1024\" aria-label=\"\" role=\"img\" ><\/div>\n\t\t\t\t\t\t\t\t\t\t\t<div class=\"elementor-gallery-item__overlay\"><\/div>\n\t\t\t\t\t\t\t\t\t\t\t\t\t\t<\/a>\n\t\t\t\t\t\t\t<a class=\"e-gallery-item elementor-gallery-item elementor-animated-content\" href=\"https:\/\/bbqfarm.eu\/wp-content\/uploads\/2026\/04\/img-20240716-104331391-scaled.jpg\" data-elementor-open-lightbox=\"yes\" data-elementor-lightbox-slideshow=\"9da7b54\" data-elementor-lightbox-title=\"IMG_20240716_104331391\" data-e-action-hash=\"#elementor-action%3Aaction%3Dlightbox%26settings%3DeyJpZCI6NjQ2MSwidXJsIjoiaHR0cHM6XC9cL2JicWZhcm0uZXVcL3dwLWNvbnRlbnRcL3VwbG9hZHNcLzIwMjZcLzA0XC9pbWctMjAyNDA3MTYtMTA0MzMxMzkxLXNjYWxlZC5qcGciLCJzbGlkZXNob3ciOiI5ZGE3YjU0In0%3D\" data-rel=\"lightbox-image-7\" data-imagelightbox=\"7\" data-rl_title=\"\" data-rl_caption=\"\" title=\"\">\n\t\t\t\t\t<div class=\"e-gallery-image elementor-gallery-item__image\" data-thumbnail=\"https:\/\/bbqfarm.eu\/wp-content\/uploads\/2026\/04\/img-20240716-104331391-576x1024.jpg\" data-width=\"576\" data-height=\"1024\" aria-label=\"\" role=\"img\" ><\/div>\n\t\t\t\t\t\t\t\t\t\t\t<div class=\"elementor-gallery-item__overlay\"><\/div>\n\t\t\t\t\t\t\t\t\t\t\t\t\t\t<\/a>\n\t\t\t\t\t\t\t<a class=\"e-gallery-item elementor-gallery-item elementor-animated-content\" href=\"https:\/\/bbqfarm.eu\/wp-content\/uploads\/2026\/04\/img-20240716-104304580-scaled.jpg\" data-elementor-open-lightbox=\"yes\" data-elementor-lightbox-slideshow=\"9da7b54\" data-elementor-lightbox-title=\"IMG_20240716_104304580\" data-e-action-hash=\"#elementor-action%3Aaction%3Dlightbox%26settings%3DeyJpZCI6NjQ2MCwidXJsIjoiaHR0cHM6XC9cL2JicWZhcm0uZXVcL3dwLWNvbnRlbnRcL3VwbG9hZHNcLzIwMjZcLzA0XC9pbWctMjAyNDA3MTYtMTA0MzA0NTgwLXNjYWxlZC5qcGciLCJzbGlkZXNob3ciOiI5ZGE3YjU0In0%3D\" data-rel=\"lightbox-image-8\" data-imagelightbox=\"8\" data-rl_title=\"\" data-rl_caption=\"\" title=\"\">\n\t\t\t\t\t<div class=\"e-gallery-image elementor-gallery-item__image\" data-thumbnail=\"https:\/\/bbqfarm.eu\/wp-content\/uploads\/2026\/04\/img-20240716-104304580-771x1024.jpg\" data-width=\"771\" data-height=\"1024\" aria-label=\"\" role=\"img\" ><\/div>\n\t\t\t\t\t\t\t\t\t\t\t<div class=\"elementor-gallery-item__overlay\"><\/div>\n\t\t\t\t\t\t\t\t\t\t\t\t\t\t<\/a>\n\t\t\t\t\t\t\t<a class=\"e-gallery-item elementor-gallery-item elementor-animated-content\" href=\"https:\/\/bbqfarm.eu\/wp-content\/uploads\/2026\/04\/img-20240716-104248411-scaled.jpg\" data-elementor-open-lightbox=\"yes\" data-elementor-lightbox-slideshow=\"9da7b54\" data-elementor-lightbox-title=\"IMG_20240716_104248411\" data-e-action-hash=\"#elementor-action%3Aaction%3Dlightbox%26settings%3DeyJpZCI6NjQ1OSwidXJsIjoiaHR0cHM6XC9cL2JicWZhcm0uZXVcL3dwLWNvbnRlbnRcL3VwbG9hZHNcLzIwMjZcLzA0XC9pbWctMjAyNDA3MTYtMTA0MjQ4NDExLXNjYWxlZC5qcGciLCJzbGlkZXNob3ciOiI5ZGE3YjU0In0%3D\" data-rel=\"lightbox-image-9\" data-imagelightbox=\"9\" data-rl_title=\"\" data-rl_caption=\"\" title=\"\">\n\t\t\t\t\t<div class=\"e-gallery-image elementor-gallery-item__image\" data-thumbnail=\"https:\/\/bbqfarm.eu\/wp-content\/uploads\/2026\/04\/img-20240716-104248411-771x1024.jpg\" data-width=\"771\" data-height=\"1024\" aria-label=\"\" role=\"img\" ><\/div>\n\t\t\t\t\t\t\t\t\t\t\t<div class=\"elementor-gallery-item__overlay\"><\/div>\n\t\t\t\t\t\t\t\t\t\t\t\t\t\t<\/a>\n\t\t\t\t\t\t\t<a class=\"e-gallery-item elementor-gallery-item elementor-animated-content\" href=\"https:\/\/bbqfarm.eu\/wp-content\/uploads\/2026\/04\/img-20240716-104240650-scaled.jpg\" data-elementor-open-lightbox=\"yes\" data-elementor-lightbox-slideshow=\"9da7b54\" data-elementor-lightbox-title=\"IMG_20240716_104240650\" data-e-action-hash=\"#elementor-action%3Aaction%3Dlightbox%26settings%3DeyJpZCI6NjQ1OCwidXJsIjoiaHR0cHM6XC9cL2JicWZhcm0uZXVcL3dwLWNvbnRlbnRcL3VwbG9hZHNcLzIwMjZcLzA0XC9pbWctMjAyNDA3MTYtMTA0MjQwNjUwLXNjYWxlZC5qcGciLCJzbGlkZXNob3ciOiI5ZGE3YjU0In0%3D\" data-rel=\"lightbox-image-10\" data-imagelightbox=\"10\" data-rl_title=\"\" data-rl_caption=\"\" title=\"\">\n\t\t\t\t\t<div class=\"e-gallery-image elementor-gallery-item__image\" data-thumbnail=\"https:\/\/bbqfarm.eu\/wp-content\/uploads\/2026\/04\/img-20240716-104240650-771x1024.jpg\" data-width=\"771\" data-height=\"1024\" aria-label=\"\" role=\"img\" ><\/div>\n\t\t\t\t\t\t\t\t\t\t\t<div class=\"elementor-gallery-item__overlay\"><\/div>\n\t\t\t\t\t\t\t\t\t\t\t\t\t\t<\/a>\n\t\t\t\t\t<\/div>\n\t\t\t\t\t<\/div>\n\t\t\t\t<\/div>\n\t\t\t\t\t<\/div>\n\t\t\t\t<\/div>\n\t\t\t\t<\/div>","protected":false},"excerpt":{"rendered":"<p>MATKAAUTO Kas otsid mugavat ja stiilset viisi, kuidas avastada Eestimaa kauneid paiku v\u00f5i minna kaugemalegi? Meie v\u00e4hekasutatud matkaauto Adria Sun Living S75SL Citr\u00f6en pakub Sulle k\u00f5ike, mida vajad, et muuta oma puhkus t\u00f5eliselt meeldej\u00e4\u00e4vaks. &#8220;H\u00e4\u00e4gis&#8221;, nagu Grillitalu peremees hellitavalt teda kutsub, on varustatud k\u00f5igi kaasaegsete mugavustega, mis tagavad, et tunneksid end igal sammul kui kodus. [&hellip;]<\/p>\n","protected":false},"author":20,"featured_media":0,"parent":0,"menu_order":0,"comment_status":"closed","ping_status":"closed","template":"","meta":{"footnotes":""},"class_list":["post-5150","page","type-page","status-publish","hentry"],"blocksy_meta":{"content_style_source":"inherit","vertical_spacing_source":"custom","content_area_spacing":"none","has_hero_section":"disabled","styles_descriptor":{"styles":{"desktop":"","tablet":"","mobile":""},"google_fonts":[],"version":6}},"_links":{"self":[{"href":"https:\/\/bbqfarm.eu\/en\/wp-json\/wp\/v2\/pages\/5150","targetHints":{"allow":["GET"]}}],"collection":[{"href":"https:\/\/bbqfarm.eu\/en\/wp-json\/wp\/v2\/pages"}],"about":[{"href":"https:\/\/bbqfarm.eu\/en\/wp-json\/wp\/v2\/types\/page"}],"author":[{"embeddable":true,"href":"https:\/\/bbqfarm.eu\/en\/wp-json\/wp\/v2\/users\/20"}],"replies":[{"embeddable":true,"href":"https:\/\/bbqfarm.eu\/en\/wp-json\/wp\/v2\/comments?post=5150"}],"version-history":[{"count":24,"href":"https:\/\/bbqfarm.eu\/en\/wp-json\/wp\/v2\/pages\/5150\/revisions"}],"predecessor-version":[{"id":6534,"href":"https:\/\/bbqfarm.eu\/en\/wp-json\/wp\/v2\/pages\/5150\/revisions\/6534"}],"wp:attachment":[{"href":"https:\/\/bbqfarm.eu\/en\/wp-json\/wp\/v2\/media?parent=5150"}],"curies":[{"name":"wp","href":"https:\/\/api.w.org\/{rel}","templated":true}]}}