{"id":3935,"date":"2023-06-28T22:01:40","date_gmt":"2023-06-28T19:01:40","guid":{"rendered":"https:\/\/bbqfarm.eu\/?post_type=product&#038;p=3935"},"modified":"2026-04-25T02:58:49","modified_gmt":"2026-04-24T23:58:49","slug":"maitseainesegu-kosmos-q-dirty-bird-chicken-rub-311g","status":"publish","type":"product","link":"https:\/\/bbqfarm.eu\/en\/product\/maitseainesegu-kosmos-q-dirty-bird-chicken-rub-311g\/","title":{"rendered":"Maitseainesegu Kosmo\u2019s Q Dirty Bird Chicken Rub 311gr"},"content":{"rendered":"<p>Rohkem lege ei saa olla, kui Kosmose Dirty Bird. See on \u00fclikuulus segu ja mis siin salata, ka aastaid meie maitseainekapis olnud ja k\u00f5vasti kasutust leidnud. Pane seda kanale, peaaegu julgelt, sest need piprad seal v\u00f5ivad liigse kallamise korral suu tuliseks ajada.<\/p>\n<h3>Soovitus<\/h3>\n<p>See on tehtud kanale, kuid ei tule eriti meelde asja, millel seda tegelikult kasutada ei v\u00f5iks.<\/p>","protected":false},"excerpt":{"rendered":"<p>Maitseainesegu Kosmo\u2019s Q Dirty Bird Chicken Rub \u2013 mis maailmas kuulsatesse segudesse puutub, siis rohkem v\u00e4ga kuulus ei saagi olla \u2013 Dirty bird \u2013 THIS IS IT! Selleks, et v\u00f5ita, tuleb vahel \u201cmustalt\u201d m\u00e4ngida, seda see rub ka lubab \u2013 m\u00f5nus segu, millele piprad annavad kerge k\u00f5dituse.<\/p>\n<p><strong>Koostisosad<\/strong><\/p>\n<p>Sool, suhkur, t\u0161illi ja teised v\u00fcrtsid, pruun suhkur, paprika, k\u00fc\u00fcslauk, sibul, kivistumisvastased ained.<\/p>","protected":false},"featured_media":3936,"template":"","meta":[],"product_brand":[],"product_cat":[74,49],"product_tag":[],"class_list":{"0":"post-3935","1":"product","2":"type-product","3":"status-publish","4":"has-post-thumbnail","6":"product_cat-maitseained-ja-kastmed","7":"product_cat-koik_tooted","9":"first","10":"instock","11":"shipping-taxable","12":"purchasable","13":"product-type-simple"},"_links":{"self":[{"href":"https:\/\/bbqfarm.eu\/en\/wp-json\/wp\/v2\/product\/3935","targetHints":{"allow":["GET"]}}],"collection":[{"href":"https:\/\/bbqfarm.eu\/en\/wp-json\/wp\/v2\/product"}],"about":[{"href":"https:\/\/bbqfarm.eu\/en\/wp-json\/wp\/v2\/types\/product"}],"wp:featuredmedia":[{"embeddable":true,"href":"https:\/\/bbqfarm.eu\/en\/wp-json\/wp\/v2\/media\/3936"}],"wp:attachment":[{"href":"https:\/\/bbqfarm.eu\/en\/wp-json\/wp\/v2\/media?parent=3935"}],"wp:term":[{"taxonomy":"product_brand","embeddable":true,"href":"https:\/\/bbqfarm.eu\/en\/wp-json\/wp\/v2\/product_brand?post=3935"},{"taxonomy":"product_cat","embeddable":true,"href":"https:\/\/bbqfarm.eu\/en\/wp-json\/wp\/v2\/product_cat?post=3935"},{"taxonomy":"product_tag","embeddable":true,"href":"https:\/\/bbqfarm.eu\/en\/wp-json\/wp\/v2\/product_tag?post=3935"}],"curies":[{"name":"wp","href":"https:\/\/api.w.org\/{rel}","templated":true}]}}