{"id":6537,"date":"2026-04-02T22:22:29","date_gmt":"2026-04-02T19:22:29","guid":{"rendered":"https:\/\/bbqfarm.eu\/?post_type=product&#038;p=6537"},"modified":"2026-04-25T02:58:49","modified_gmt":"2026-04-24T23:58:49","slug":"hoovi-kamado-large-black-edition","status":"publish","type":"product","link":"https:\/\/bbqfarm.eu\/en\/product\/hoovi-kamado-large-black-edition\/","title":{"rendered":"Hoovi Kamado Large Black with Cooking system"},"content":{"rendered":"<p class=\"m_-6630811851737869071MsoListParagraph\">Komplekt sisaldab:<u><\/u><u><\/u><\/p>\n<ul type=\"disc\">\n<li class=\"m_-6630811851737869071MsoListParagraph\">Hoovi Kamado Large\u00a0grill<u><\/u><u><\/u><\/li>\n<li class=\"m_-6630811851737869071MsoListParagraph\">UUS mitmeosaline tulease! V\u00e4hendab oluliselt kuumusepaisumise m\u00f5rasid.<u><\/u><u><\/u><\/li>\n<li class=\"m_-6630811851737869071MsoListParagraph\">Mitmetasandiline k\u00fcpsetuss\u00fcsteem<u><\/u><u><\/u><\/li>\n<li class=\"m_-6630811851737869071MsoListParagraph\">Terasest alusraam ratastega (2 ratast piduriga)<u><\/u><u><\/u><\/li>\n<li class=\"m_-6630811851737869071MsoListParagraph\">Tumedast \u00a0puidust k\u00fcljelauad riputuskonksudega<u><\/u><u><\/u><\/li>\n<li class=\"m_-6630811851737869071MsoListParagraph\">Roostevabast terasest \u00fclemine siiber<u><\/u><u><\/u><\/li>\n<\/ul>\n<p class=\"m_-6630811851737869071MsoListParagraph\"><b>V\u00e4rv:<\/b>\u00a0Must<br \/>\n<b>Resti diameeter:<\/b>\u00a047 cm (19\u2033)<br \/>\n<b>Grilli sisediameeter:<\/b>\u00a049 cm (20\u2033)<br \/>\n<b>Grilli v\u00e4lisdiameeter:<\/b>\u00a056 cm (22\u2033)<u><\/u><u><\/u><\/p>\n<p class=\"m_-6630811851737869071MsoListParagraph\">See grill on ideaalne valik neile, kes otsivad tipptasemel k\u00fcpsetuskogemust oma hoovis!<\/p>","protected":false},"excerpt":{"rendered":"<p class=\"m_-6630811851737869071MsoListParagraph\"><strong>Hoovi kamado uus 2026 disain!<\/strong><u><\/u><u><\/u><\/p>\n<p class=\"m_-6630811851737869071MsoListParagraph\">K\u00f5ige populaarsem kamado grill oma suuruse poolest \u2013 parim valik hinna ja kvaliteedi suhtes! Paks ja tihe keraamika tagab \u00fchtlaselt t\u00e4iusliku k\u00fcpsetustulemuse igal korral.<\/p>\n<p>Kasuta kassas tasuta kojuveo kupongi HOOVI-KOJU ja tellli grill muretult enda koju.<\/p>","protected":false},"featured_media":6538,"template":"","meta":[],"product_brand":[],"product_cat":[83,49,15],"product_tag":[],"class_list":{"0":"post-6537","1":"product","2":"type-product","3":"status-publish","4":"has-post-thumbnail","6":"product_cat-grillid","7":"product_cat-koik_tooted","8":"product_cat-maaramata","10":"first","11":"instock","12":"sale","13":"shipping-taxable","14":"purchasable","15":"product-type-simple"},"_links":{"self":[{"href":"https:\/\/bbqfarm.eu\/en\/wp-json\/wp\/v2\/product\/6537","targetHints":{"allow":["GET"]}}],"collection":[{"href":"https:\/\/bbqfarm.eu\/en\/wp-json\/wp\/v2\/product"}],"about":[{"href":"https:\/\/bbqfarm.eu\/en\/wp-json\/wp\/v2\/types\/product"}],"wp:featuredmedia":[{"embeddable":true,"href":"https:\/\/bbqfarm.eu\/en\/wp-json\/wp\/v2\/media\/6538"}],"wp:attachment":[{"href":"https:\/\/bbqfarm.eu\/en\/wp-json\/wp\/v2\/media?parent=6537"}],"wp:term":[{"taxonomy":"product_brand","embeddable":true,"href":"https:\/\/bbqfarm.eu\/en\/wp-json\/wp\/v2\/product_brand?post=6537"},{"taxonomy":"product_cat","embeddable":true,"href":"https:\/\/bbqfarm.eu\/en\/wp-json\/wp\/v2\/product_cat?post=6537"},{"taxonomy":"product_tag","embeddable":true,"href":"https:\/\/bbqfarm.eu\/en\/wp-json\/wp\/v2\/product_tag?post=6537"}],"curies":[{"name":"wp","href":"https:\/\/api.w.org\/{rel}","templated":true}]}}