{"id":6552,"date":"2026-04-15T01:57:32","date_gmt":"2026-04-14T22:57:32","guid":{"rendered":"https:\/\/bbqfarm.eu\/?post_type=product&#038;p=6552"},"modified":"2026-04-15T10:30:05","modified_gmt":"2026-04-15T07:30:05","slug":"noakoolitus","status":"publish","type":"product","link":"https:\/\/bbqfarm.eu\/en\/product\/noakoolitus\/","title":{"rendered":"L\u00e4heme nugade peale! Noakoolitus 07.mail 2026"},"content":{"rendered":"","protected":false},"excerpt":{"rendered":"<p>N\u00fc\u00fcd l\u00e4heme p\u00e4riselt nugade peale! T\u00f5siselt.<\/p>\n<p>Neljap\u00e4eval 7. mail kell 18.30<\/p>\n<p>Noakuningas Margus Tapupere tuleb Grillitallu ja r\u00e4\u00e4gib k\u00f5ike, alates noat\u00fc\u00fcpidest, hooldusest, nugade korrektsest kasutamisest, teritusvahenditest jne, kuniks k\u00f5ik saavad ise praktilises t\u00f6\u00f6toas \u00f5pitut j\u00e4rele proovida.<\/p>\n<p>Erilist t\u00e4helepanu p\u00f6\u00f6rame vesiluisul teritamisele.<\/p>\n<p>Ajakava:<\/p>\n<p>18.00 Kogunemine<\/p>\n<p>18.30 Koolituse algus\u00a0 -teooriatund<\/p>\n<p>19.30 Naudime m\u00f5nusat BBQ \u00f5htus\u00f6\u00f6ki<\/p>\n<p>Peale \u00f5htus\u00f6\u00f6ki j\u00e4tkame praktilise t\u00f6\u00f6toaga.<\/p>\n<p>Koolituse kestvus j\u00e4\u00e4b vahemikku 2,5-3,5 tundi.<\/p>\n<p>&#8212;&#8212;&#8212;&#8212;&#8212;&#8212;&#8212;&#8212;&#8212;&#8212;&#8212;&#8212;&#8212;&#8212;&#8212;&#8212;&#8212;&#8212;&#8212;-<\/p>\n<p>Peale koolitusel rassimist kinnistame \u00f5pitut kuumas saunas, et k\u00f5ik kenasti meelde talletuks, broneeri <em>aftersaun<\/em> <a href=\"https:\/\/bbqfarm.eu\/en\/product\/noakoolituse-aftersaun\/\" target=\"_blank\" rel=\"noopener\">siin.<\/a><\/p>","protected":false},"featured_media":6565,"template":"","meta":[],"product_brand":[],"product_cat":[72,49],"product_tag":[],"class_list":{"0":"post-6552","1":"product","2":"type-product","3":"status-publish","4":"has-post-thumbnail","6":"product_cat-yritused","7":"product_cat-koik_tooted","9":"first","10":"instock","11":"sale","12":"shipping-taxable","13":"purchasable","14":"product-type-simple"},"_links":{"self":[{"href":"https:\/\/bbqfarm.eu\/en\/wp-json\/wp\/v2\/product\/6552","targetHints":{"allow":["GET"]}}],"collection":[{"href":"https:\/\/bbqfarm.eu\/en\/wp-json\/wp\/v2\/product"}],"about":[{"href":"https:\/\/bbqfarm.eu\/en\/wp-json\/wp\/v2\/types\/product"}],"wp:featuredmedia":[{"embeddable":true,"href":"https:\/\/bbqfarm.eu\/en\/wp-json\/wp\/v2\/media\/6565"}],"wp:attachment":[{"href":"https:\/\/bbqfarm.eu\/en\/wp-json\/wp\/v2\/media?parent=6552"}],"wp:term":[{"taxonomy":"product_brand","embeddable":true,"href":"https:\/\/bbqfarm.eu\/en\/wp-json\/wp\/v2\/product_brand?post=6552"},{"taxonomy":"product_cat","embeddable":true,"href":"https:\/\/bbqfarm.eu\/en\/wp-json\/wp\/v2\/product_cat?post=6552"},{"taxonomy":"product_tag","embeddable":true,"href":"https:\/\/bbqfarm.eu\/en\/wp-json\/wp\/v2\/product_tag?post=6552"}],"curies":[{"name":"wp","href":"https:\/\/api.w.org\/{rel}","templated":true}]}}