{"id":6559,"date":"2026-04-15T02:25:10","date_gmt":"2026-04-14T23:25:10","guid":{"rendered":"https:\/\/bbqfarm.eu\/?post_type=product&#038;p=6559"},"modified":"2026-04-19T21:22:04","modified_gmt":"2026-04-19T18:22:04","slug":"yllata-kaaslast","status":"publish","type":"product","link":"https:\/\/bbqfarm.eu\/en\/product\/yllata-kaaslast\/","title":{"rendered":"Grillikoolitus \u201c\u00dcllata kaaslast!\u201d 19.mail 2026"},"content":{"rendered":"","protected":false},"excerpt":{"rendered":"<h2>Grillikoolitus \u201c\u00dcllata kaaslast\u201d<\/h2>\n<p>&nbsp;<\/p>\n<p>Grillikoolitusel k\u00e4ime l\u00e4bi 5 p\u00f5hirooga, sealhulgas dessert. K\u00f5ik h\u00f5rgutised valmivad grillilt koost\u00f6\u00f6s kahe toreda juhendajaga.<\/p>\n<p>&nbsp;<\/p>\n<p>Koolituse algus on kell 17.00. Hilinejatel lubatud saabuda hiljemalt 17.45, et paljust oluliselt ilma ei j\u00e4\u00e4ks.<\/p>\n<p>Teeme \u00fcheskoos toitude ettevalmistamist,\u00a0 k\u00fcpsetust\u00a0 ja \u00f5pime ka serveerima.<\/p>\n<p>P\u00f5hiroogade valmimisaeg kell 20.30 ja siis\u2026<\/p>\n<p>&nbsp;<\/p>\n<p>\u00dcllata oma kallimat, s\u00f5pra v\u00f5i sugulast ning kutsu ta enda tehtud \u00f5htus\u00f6\u00f6gile!<\/p>\n<p>Alustame piduliku \u00f5htus\u00f6\u00f6giga kell 20.30 ning \u00a0sujuvalt v\u00f5tame hiljem ahjudest v\u00e4lja ka h\u00f5rgud \u00a0desserdid.<\/p>\n<p>Naudime \u00fcheskoos kevadist ilma ja imemaitsvaid roogasid ning kiidame kokkasid. Sest t\u00e4na olid Sina ju peakokk!<\/p>\n<p>\u00d5dus istumine avatud on kuni s\u00fcda\u00f6\u00f6ni ja kohapeal saadaval ka toreda hinnaga mittealkohoolsed ning lahjemad alkohoolsed joogid.<\/p>\n<p>&nbsp;<\/p>\n<p>&nbsp;<\/p>\n<p>Koolituse aeg: 19.mai kell 17.00<\/p>\n<p>\u00d5htus\u00f6\u00f6gi algus kell 20.30<\/p>\n<p>Koolitajad: Tarmo Griffel ja Silver Saimla.<\/p>\n<p>Kaaslase registreerimise <a href=\"https:\/\/bbqfarm.eu\/en\/product\/grillikoolituse-ullata-kaaslast-kaaslase-pakett-alates-20-30\/\" target=\"_blank\" rel=\"noopener\">link<\/a>.<\/p>\n<p>Hoiatus! Teie kaaslane v\u00f5ib sattuda s\u00f5ltuvusse ja hakata paluma kodus tseremoonia kordamist:)<\/p>\n<p>Kui Sul ei ole sel p\u00e4eval kedagi \u00f5htus\u00f6\u00f6gile kutsuda, \u00e4ra muretse, tule ikka kohale ning \u00f5pi profiks.<\/p>\n<p>&nbsp;<\/p>","protected":false},"featured_media":462,"template":"","meta":[],"product_brand":[],"product_cat":[72,49],"product_tag":[],"class_list":{"0":"post-6559","1":"product","2":"type-product","3":"status-publish","4":"has-post-thumbnail","6":"product_cat-yritused","7":"product_cat-koik_tooted","9":"first","10":"instock","11":"shipping-taxable","12":"purchasable","13":"product-type-simple"},"_links":{"self":[{"href":"https:\/\/bbqfarm.eu\/en\/wp-json\/wp\/v2\/product\/6559","targetHints":{"allow":["GET"]}}],"collection":[{"href":"https:\/\/bbqfarm.eu\/en\/wp-json\/wp\/v2\/product"}],"about":[{"href":"https:\/\/bbqfarm.eu\/en\/wp-json\/wp\/v2\/types\/product"}],"wp:featuredmedia":[{"embeddable":true,"href":"https:\/\/bbqfarm.eu\/en\/wp-json\/wp\/v2\/media\/462"}],"wp:attachment":[{"href":"https:\/\/bbqfarm.eu\/en\/wp-json\/wp\/v2\/media?parent=6559"}],"wp:term":[{"taxonomy":"product_brand","embeddable":true,"href":"https:\/\/bbqfarm.eu\/en\/wp-json\/wp\/v2\/product_brand?post=6559"},{"taxonomy":"product_cat","embeddable":true,"href":"https:\/\/bbqfarm.eu\/en\/wp-json\/wp\/v2\/product_cat?post=6559"},{"taxonomy":"product_tag","embeddable":true,"href":"https:\/\/bbqfarm.eu\/en\/wp-json\/wp\/v2\/product_tag?post=6559"}],"curies":[{"name":"wp","href":"https:\/\/api.w.org\/{rel}","templated":true}]}}