{"id":6560,"date":"2026-04-15T02:34:41","date_gmt":"2026-04-14T23:34:41","guid":{"rendered":"https:\/\/bbqfarm.eu\/?post_type=product&#038;p=6560"},"modified":"2026-04-15T02:38:45","modified_gmt":"2026-04-14T23:38:45","slug":"grillikoolituse-ullata-kaaslast-kaaslase-pakett-alates-20-30","status":"publish","type":"product","link":"https:\/\/bbqfarm.eu\/en\/product\/grillikoolituse-ullata-kaaslast-kaaslase-pakett-alates-20-30\/","title":{"rendered":"Grillikoolituse \u201c\u00dcllata kaaslast!\u201d kaaslase pakett alates 20.30"},"content":{"rendered":"","protected":false},"excerpt":{"rendered":"<p>\u00d5htus\u00f6\u00f6gipakett <a href=\"https:\/\/bbqfarm.eu\/en\/product\/yllata-kaaslast\/\" target=\"_blank\" rel=\"noopener\">grillikoolituse &#8220;\u00dcllata kaaslast&#8221;<\/a> s\u00f5brale, pereliikmele v\u00f5i kallimale.<\/p>","protected":false},"featured_media":462,"template":"","meta":[],"product_brand":[],"product_cat":[72,49],"product_tag":[],"class_list":{"0":"post-6560","1":"product","2":"type-product","3":"status-publish","4":"has-post-thumbnail","6":"product_cat-yritused","7":"product_cat-koik_tooted","9":"first","10":"instock","11":"shipping-taxable","12":"purchasable","13":"product-type-simple"},"_links":{"self":[{"href":"https:\/\/bbqfarm.eu\/en\/wp-json\/wp\/v2\/product\/6560","targetHints":{"allow":["GET"]}}],"collection":[{"href":"https:\/\/bbqfarm.eu\/en\/wp-json\/wp\/v2\/product"}],"about":[{"href":"https:\/\/bbqfarm.eu\/en\/wp-json\/wp\/v2\/types\/product"}],"wp:featuredmedia":[{"embeddable":true,"href":"https:\/\/bbqfarm.eu\/en\/wp-json\/wp\/v2\/media\/462"}],"wp:attachment":[{"href":"https:\/\/bbqfarm.eu\/en\/wp-json\/wp\/v2\/media?parent=6560"}],"wp:term":[{"taxonomy":"product_brand","embeddable":true,"href":"https:\/\/bbqfarm.eu\/en\/wp-json\/wp\/v2\/product_brand?post=6560"},{"taxonomy":"product_cat","embeddable":true,"href":"https:\/\/bbqfarm.eu\/en\/wp-json\/wp\/v2\/product_cat?post=6560"},{"taxonomy":"product_tag","embeddable":true,"href":"https:\/\/bbqfarm.eu\/en\/wp-json\/wp\/v2\/product_tag?post=6560"}],"curies":[{"name":"wp","href":"https:\/\/api.w.org\/{rel}","templated":true}]}}